{"id":4125,"date":"2020-12-21T11:09:39","date_gmt":"2020-12-21T10:09:39","guid":{"rendered":"http:\/\/snqwrqo.cluster028.hosting.ovh.net\/admin3420\/?page_id=4125"},"modified":"2023-06-05T12:03:42","modified_gmt":"2023-06-05T10:03:42","slug":"chirurgie-du-regard","status":"publish","type":"page","link":"https:\/\/xn--dr-pierre-big-ophtalmologiste-nuc.fr\/?page_id=4125","title":{"rendered":"Chirurgie du regard"},"content":{"rendered":"\t\t<div data-elementor-type=\"wp-page\" data-elementor-id=\"4125\" class=\"elementor elementor-4125\">\n\t\t\t\t\t\t<section class=\"elementor-section elementor-top-section elementor-element elementor-element-276f6ec elementor-section-full_width elementor-section-height-default elementor-section-height-default\" data-id=\"276f6ec\" data-element_type=\"section\" data-settings=\"{&quot;background_background&quot;:&quot;classic&quot;}\">\n\t\t\t\t\t\t<div class=\"elementor-container elementor-column-gap-default\">\n\t\t\t\t\t<div class=\"elementor-column elementor-col-100 elementor-top-column elementor-element elementor-element-cd9c6ea\" data-id=\"cd9c6ea\" data-element_type=\"column\" data-settings=\"{&quot;background_background&quot;:&quot;classic&quot;}\">\n\t\t\t<div class=\"elementor-widget-wrap elementor-element-populated\">\n\t\t\t\t\t\t<div class=\"elementor-element elementor-element-c2f8b49 elementor-widget elementor-widget-spacer\" data-id=\"c2f8b49\" data-element_type=\"widget\" data-widget_type=\"spacer.default\">\n\t\t\t\t<div class=\"elementor-widget-container\">\n\t\t\t\t\t\t\t<div class=\"elementor-spacer\">\n\t\t\t<div class=\"elementor-spacer-inner\"><\/div>\n\t\t<\/div>\n\t\t\t\t\t\t<\/div>\n\t\t\t\t<\/div>\n\t\t\t\t\t<\/div>\n\t\t<\/div>\n\t\t\t\t\t<\/div>\n\t\t<\/section>\n\t\t\t\t<section class=\"elementor-section elementor-top-section elementor-element elementor-element-8df419d elementor-section-full_width elementor-section-height-default elementor-section-height-default\" data-id=\"8df419d\" data-element_type=\"section\">\n\t\t\t\t\t\t<div class=\"elementor-container elementor-column-gap-default\">\n\t\t\t\t\t<div class=\"elementor-column elementor-col-50 elementor-top-column elementor-element elementor-element-1ff3659\" data-id=\"1ff3659\" data-element_type=\"column\">\n\t\t\t<div class=\"elementor-widget-wrap\">\n\t\t\t\t\t\t\t<\/div>\n\t\t<\/div>\n\t\t\t\t<div class=\"elementor-column elementor-col-50 elementor-top-column elementor-element elementor-element-3373511\" data-id=\"3373511\" data-element_type=\"column\">\n\t\t\t<div class=\"elementor-widget-wrap elementor-element-populated\">\n\t\t\t\t\t\t<div class=\"elementor-element elementor-element-5879e60 elementor-widget elementor-widget-heading\" data-id=\"5879e60\" data-element_type=\"widget\" data-widget_type=\"heading.default\">\n\t\t\t\t<div class=\"elementor-widget-container\">\n\t\t\t\t\t<h2 class=\"elementor-heading-title elementor-size-default\">ESTHETIQUE DU REGARD<\/h2>\t\t\t\t<\/div>\n\t\t\t\t<\/div>\n\t\t\t\t<div class=\"elementor-element elementor-element-79f9953 elementor-widget elementor-widget-heading\" data-id=\"79f9953\" data-element_type=\"widget\" data-widget_type=\"heading.default\">\n\t\t\t\t<div class=\"elementor-widget-container\">\n\t\t\t\t\t<h2 class=\"elementor-heading-title elementor-size-default\">CHIRURGIE DU REGARD<\/h2>\t\t\t\t<\/div>\n\t\t\t\t<\/div>\n\t\t\t\t<div class=\"elementor-element elementor-element-cd98682 elementor-widget elementor-widget-text-editor\" data-id=\"cd98682\" data-element_type=\"widget\" data-widget_type=\"text-editor.default\">\n\t\t\t\t<div class=\"elementor-widget-container\">\n\t\t\t\t\t\t\t\t\t<p>La chirurgie des paupi\u00e8res s\u2019adapte \u00e0 chaque type de regard, les techniques op\u00e9ratoires sont variables. Un chirurgien expert des structures anatomiques du cadre orbitaire et des paupi\u00e8res pourra r\u00e9aliser un diagnostic pr\u00e9cis et rectifier les disgr\u00e2ces d\u2019un regard.<\/p>\t\t\t\t\t\t\t\t<\/div>\n\t\t\t\t<\/div>\n\t\t\t\t\t<\/div>\n\t\t<\/div>\n\t\t\t\t\t<\/div>\n\t\t<\/section>\n\t\t\t\t<section class=\"elementor-section elementor-top-section elementor-element elementor-element-0117753 elementor-section-full_width elementor-section-height-default elementor-section-height-default\" data-id=\"0117753\" data-element_type=\"section\" data-settings=\"{&quot;background_background&quot;:&quot;classic&quot;}\">\n\t\t\t\t\t\t<div class=\"elementor-container elementor-column-gap-default\">\n\t\t\t\t\t<div class=\"elementor-column elementor-col-100 elementor-top-column elementor-element elementor-element-ce680d7\" data-id=\"ce680d7\" data-element_type=\"column\" data-settings=\"{&quot;background_background&quot;:&quot;classic&quot;}\">\n\t\t\t<div class=\"elementor-widget-wrap elementor-element-populated\">\n\t\t\t\t\t\t<section class=\"elementor-section elementor-inner-section elementor-element elementor-element-2ca13d8 elementor-section-full_width elementor-section-height-default elementor-section-height-default\" data-id=\"2ca13d8\" data-element_type=\"section\">\n\t\t\t\t\t\t<div class=\"elementor-container elementor-column-gap-default\">\n\t\t\t\t\t<div class=\"elementor-column elementor-col-33 elementor-inner-column elementor-element elementor-element-3587c4b\" data-id=\"3587c4b\" data-element_type=\"column\">\n\t\t\t<div class=\"elementor-widget-wrap\">\n\t\t\t\t\t\t\t<\/div>\n\t\t<\/div>\n\t\t\t\t<div class=\"elementor-column elementor-col-33 elementor-inner-column elementor-element elementor-element-d260a19\" data-id=\"d260a19\" data-element_type=\"column\" data-settings=\"{&quot;background_background&quot;:&quot;classic&quot;}\">\n\t\t\t<div class=\"elementor-widget-wrap elementor-element-populated\">\n\t\t\t\t\t<div class=\"elementor-background-overlay\"><\/div>\n\t\t\t\t\t\t<div class=\"elementor-element elementor-element-f4d9208 elementor-widget-divider--view-line elementor-widget elementor-widget-divider\" data-id=\"f4d9208\" data-element_type=\"widget\" data-widget_type=\"divider.default\">\n\t\t\t\t<div class=\"elementor-widget-container\">\n\t\t\t\t\t\t\t<div class=\"elementor-divider\">\n\t\t\t<span class=\"elementor-divider-separator\">\n\t\t\t\t\t\t<\/span>\n\t\t<\/div>\n\t\t\t\t\t\t<\/div>\n\t\t\t\t<\/div>\n\t\t\t\t<div class=\"elementor-element elementor-element-c4097c0 elementor-widget elementor-widget-image\" data-id=\"c4097c0\" data-element_type=\"widget\" data-widget_type=\"image.default\">\n\t\t\t\t<div class=\"elementor-widget-container\">\n\t\t\t\t\t\t\t\t\t\t\t\t\t\t\t<img decoding=\"async\" src=\"https:\/\/xn--dr-pierre-big-ophtalmologiste-nuc.fr\/wp-content\/uploads\/2020\/12\/cropped-shutterstock_1211985892-scaled-1.jpg\" title=\"cropped-shutterstock_1211985892-scaled-1.jpg\" alt=\"cropped-shutterstock_1211985892-scaled-1.jpg\" loading=\"lazy\" \/>\t\t\t\t\t\t\t\t\t\t\t\t\t\t\t<\/div>\n\t\t\t\t<\/div>\n\t\t\t\t\t<\/div>\n\t\t<\/div>\n\t\t\t\t<div class=\"elementor-column elementor-col-33 elementor-inner-column elementor-element elementor-element-ddbe926\" data-id=\"ddbe926\" data-element_type=\"column\" data-settings=\"{&quot;background_background&quot;:&quot;classic&quot;}\">\n\t\t\t<div class=\"elementor-widget-wrap elementor-element-populated\">\n\t\t\t\t\t\t<div class=\"elementor-element elementor-element-bb0b91e elementor-widget elementor-widget-heading\" data-id=\"bb0b91e\" data-element_type=\"widget\" data-widget_type=\"heading.default\">\n\t\t\t\t<div class=\"elementor-widget-container\">\n\t\t\t\t\t<h2 class=\"elementor-heading-title elementor-size-default\">UNE ESTHETIQUE SUR MESURE<\/h2>\t\t\t\t<\/div>\n\t\t\t\t<\/div>\n\t\t\t\t<div class=\"elementor-element elementor-element-c85b7bb elementor-widget elementor-widget-text-editor\" data-id=\"c85b7bb\" data-element_type=\"widget\" data-widget_type=\"text-editor.default\">\n\t\t\t\t<div class=\"elementor-widget-container\">\n\t\t\t\t\t\t\t\t\t<p>La chirurgie esth\u00e9tique du regard a \u00e9volu\u00e9, elle prend d\u00e9sormais en compte l\u2019ensemble du tiers sup\u00e9rieur du visage. Plus qu\u2019une chirurgie des paupi\u00e8res, on propose une expertise avec des interventions sur mesure, prenant en compte les sp\u00e9cificit\u00e9s de chacun.<\/p>\t\t\t\t\t\t\t\t<\/div>\n\t\t\t\t<\/div>\n\t\t\t\t<div class=\"elementor-element elementor-element-3f303ca elementor-widget elementor-widget-heading\" data-id=\"3f303ca\" data-element_type=\"widget\" data-widget_type=\"heading.default\">\n\t\t\t\t<div class=\"elementor-widget-container\">\n\t\t\t\t\t<h2 class=\"elementor-heading-title elementor-size-default\">Des techniques \u00e9prouv\u00e9es pour un meilleur r\u00e9sultat<\/h2>\t\t\t\t<\/div>\n\t\t\t\t<\/div>\n\t\t\t\t<div class=\"elementor-element elementor-element-7848b9d elementor-widget elementor-widget-text-editor\" data-id=\"7848b9d\" data-element_type=\"widget\" data-widget_type=\"text-editor.default\">\n\t\t\t\t<div class=\"elementor-widget-container\">\n\t\t\t\t\t\t\t\t\t<p>La chirurgie du regard est parmi les interventions esth\u00e9tiques les plus pratiqu\u00e9es en France et \u00e0 travers le monde. Une chirurgie des paupi\u00e8res bien r\u00e9alis\u00e9e, rajeunit, embellit le regard mais ne modifie pas la forme et l\u2019expression des yeux.<\/p><p>La chirurgie du regard supprime les poches, comble les cernes, elle lisse les paupi\u00e8res frip\u00e9es, retire les exc\u00e9dents cutan\u00e9s mais aussi estompe les rides du pourtour de l\u2019\u0153il, redresse une queue de sourcil tombante\u2026<\/p><p>Elle peut concerner les paupi\u00e8res sup\u00e9rieures, les paupi\u00e8res inf\u00e9rieures ou les quatre paupi\u00e8res simultan\u00e9ment, et regroupe plusieurs techniques op\u00e9ratoires qu\u2019on adapte \u00e0 chaque patient<\/p><p><strong><span style=\"color: #333399;\">&gt; <\/span>En paupi\u00e8res sup\u00e9rieures :<\/strong><br \/>Lourdes et tombantes, avec exc\u00e8s de peau pouvant parfois recouvrir les cils voire g\u00eaner la vision et emp\u00eacher de se maquiller ce rel\u00e2chement de la peau est souvent associe \u00e0 une poche de graisse \u00e0 la partie interne de la paupi\u00e8re : il faudra faire une bl\u00e9pharoplastie sup\u00e9rieure.<\/p><p><strong><span style=\"color: #333399;\"><br \/>&gt; <span style=\"color: #333333;\">En paupi\u00e8res inf\u00e9rieures :<\/span><br \/><\/span><\/strong><span style=\"color: #333399;\"><span style=\"color: #333333;\">L\u2019exc\u00e8s de graisse responsable de \u00ab poches \u00bb souvent associ\u00e9 \u00e0 un rel\u00e2chement de la peau : il faudra faire une bl\u00e9pharoplastie inf\u00e9rieure.<\/span><\/span><strong><span style=\"color: #333399;\"><br \/><\/span><\/strong><\/p>\t\t\t\t\t\t\t\t<\/div>\n\t\t\t\t<\/div>\n\t\t\t\t\t<\/div>\n\t\t<\/div>\n\t\t\t\t\t<\/div>\n\t\t<\/section>\n\t\t\t\t<section class=\"elementor-section elementor-inner-section elementor-element elementor-element-26a4cee elementor-section-full_width elementor-section-height-default elementor-section-height-default\" data-id=\"26a4cee\" data-element_type=\"section\">\n\t\t\t\t\t\t<div class=\"elementor-container elementor-column-gap-default\">\n\t\t\t\t\t<div class=\"elementor-column elementor-col-33 elementor-inner-column elementor-element elementor-element-30166f9\" data-id=\"30166f9\" data-element_type=\"column\">\n\t\t\t<div class=\"elementor-widget-wrap\">\n\t\t\t\t\t\t\t<\/div>\n\t\t<\/div>\n\t\t\t\t<div class=\"elementor-column elementor-col-33 elementor-inner-column elementor-element elementor-element-944eeb0\" data-id=\"944eeb0\" data-element_type=\"column\" data-settings=\"{&quot;background_background&quot;:&quot;classic&quot;}\">\n\t\t\t<div class=\"elementor-widget-wrap elementor-element-populated\">\n\t\t\t\t\t<div class=\"elementor-background-overlay\"><\/div>\n\t\t\t\t\t\t<div class=\"elementor-element elementor-element-c123a7c elementor-widget-divider--view-line elementor-widget elementor-widget-divider\" data-id=\"c123a7c\" data-element_type=\"widget\" data-widget_type=\"divider.default\">\n\t\t\t\t<div class=\"elementor-widget-container\">\n\t\t\t\t\t\t\t<div class=\"elementor-divider\">\n\t\t\t<span class=\"elementor-divider-separator\">\n\t\t\t\t\t\t<\/span>\n\t\t<\/div>\n\t\t\t\t\t\t<\/div>\n\t\t\t\t<\/div>\n\t\t\t\t<div class=\"elementor-element elementor-element-c4541f4 elementor-widget elementor-widget-image\" data-id=\"c4541f4\" data-element_type=\"widget\" data-widget_type=\"image.default\">\n\t\t\t\t<div class=\"elementor-widget-container\">\n\t\t\t\t\t\t\t\t\t\t\t\t\t\t\t<img decoding=\"async\" src=\"https:\/\/xn--dr-pierre-big-ophtalmologiste-nuc.fr\/wp-content\/uploads\/2020\/06\/shutterstock_1282905343.jpg\" title=\"shutterstock_1282905343\" alt=\"shutterstock_1282905343\" loading=\"lazy\" \/>\t\t\t\t\t\t\t\t\t\t\t\t\t\t\t<\/div>\n\t\t\t\t<\/div>\n\t\t\t\t\t<\/div>\n\t\t<\/div>\n\t\t\t\t<div class=\"elementor-column elementor-col-33 elementor-inner-column elementor-element elementor-element-7f6408a\" data-id=\"7f6408a\" data-element_type=\"column\" data-settings=\"{&quot;background_background&quot;:&quot;classic&quot;}\">\n\t\t\t<div class=\"elementor-widget-wrap elementor-element-populated\">\n\t\t\t\t\t\t<div class=\"elementor-element elementor-element-5e036ab elementor-widget elementor-widget-heading\" data-id=\"5e036ab\" data-element_type=\"widget\" data-widget_type=\"heading.default\">\n\t\t\t\t<div class=\"elementor-widget-container\">\n\t\t\t\t\t<h2 class=\"elementor-heading-title elementor-size-default\">La chirurgie des poches sous les yeux : la voie transconjonctivale au laser<\/h2>\t\t\t\t<\/div>\n\t\t\t\t<\/div>\n\t\t\t\t<div class=\"elementor-element elementor-element-3d3a2ee elementor-widget elementor-widget-text-editor\" data-id=\"3d3a2ee\" data-element_type=\"widget\" data-widget_type=\"text-editor.default\">\n\t\t\t\t<div class=\"elementor-widget-container\">\n\t\t\t\t\t\t\t\t\t<p>Les poches sous les yeux correspondent \u00e0 des hernies de graisse. Elle sont dues \u00e0 l\u2019h\u00e9r\u00e9dit\u00e9 ou apparaissent avec l\u2019avanc\u00e9e en \u00e2ge. Elles donnent un regard fatigu\u00e9, tr\u00e8s disgracieux et complexant. M\u00eame s\u2019il existe des astuces pour diminuer les yeux gonfl\u00e9s, la chirurgie des paupi\u00e8res est le seul traitement efficace et d\u00e9finitif pour enlever les poches sous les yeux. Pratiqu\u00e9e au bloc op\u00e9ratoire en ambulatoire, l\u2019ablation des poches par voie transconjonctivale au Laser (sans incision cutan\u00e9e) n\u2019entra\u00eene aucune douleur et quasiment pas de d\u00e9socialisation du fait de l\u2019utilisation du bistouri laser CO2 et de l\u2019absence de saignement. Cette technique supprime le risque d\u2019\u0153il rond post op\u00e9ratoire et ne modifie pas l\u2019expression des yeux.<\/p>\t\t\t\t\t\t\t\t<\/div>\n\t\t\t\t<\/div>\n\t\t\t\t<div class=\"elementor-element elementor-element-fc3ad5c elementor-widget elementor-widget-heading\" data-id=\"fc3ad5c\" data-element_type=\"widget\" data-widget_type=\"heading.default\">\n\t\t\t\t<div class=\"elementor-widget-container\">\n\t\t\t\t\t<h2 class=\"elementor-heading-title elementor-size-default\">la cicatrice<\/h2>\t\t\t\t<\/div>\n\t\t\t\t<\/div>\n\t\t\t\t<div class=\"elementor-element elementor-element-2eb3cfd elementor-widget elementor-widget-text-editor\" data-id=\"2eb3cfd\" data-element_type=\"widget\" data-widget_type=\"text-editor.default\">\n\t\t\t\t<div class=\"elementor-widget-container\">\n\t\t\t\t\t\t\t\t\t<p>Paupi\u00e8res sup\u00e9rieures (bl\u00e9pharoplastie sup\u00e9rieure): elles sont dissimul\u00e9es dans le creux palp\u00e9bral et se prolonge en temporal.<\/p><p>Paupi\u00e8res inf\u00e9rieures (bl\u00e9pharoplastie inf\u00e9rieure) : Pas de cicatrice visible pour la bl\u00e9pharoplastie transconjonctivale. Elles sont plac\u00e9es au ras des cils se prolongeant en dehors, en cas de n\u00e9cessit\u00e9 de r\u00e9section cutan\u00e9e.<\/p>\t\t\t\t\t\t\t\t<\/div>\n\t\t\t\t<\/div>\n\t\t\t\t<div class=\"elementor-element elementor-element-4d794b7 elementor-widget elementor-widget-heading\" data-id=\"4d794b7\" data-element_type=\"widget\" data-widget_type=\"heading.default\">\n\t\t\t\t<div class=\"elementor-widget-container\">\n\t\t\t\t\t<h2 class=\"elementor-heading-title elementor-size-default\">l'intervention<\/h2>\t\t\t\t<\/div>\n\t\t\t\t<\/div>\n\t\t\t\t<div class=\"elementor-element elementor-element-6bc1ddc elementor-widget elementor-widget-text-editor\" data-id=\"6bc1ddc\" data-element_type=\"widget\" data-widget_type=\"text-editor.default\">\n\t\t\t\t<div class=\"elementor-widget-container\">\n\t\t\t\t\t\t\t\t\t<p>L\u2019anesth\u00e9sie est locale associ\u00e9e \u00e0 une s\u00e9dation, une anesth\u00e9sie g\u00e9n\u00e9rale peut \u00eatre propos\u00e9e si le patient est stress\u00e9.<\/p><p>Dur\u00e9e de l\u2019op\u00e9ration : 40 min \u00e0 1h30 si deux ou quatre paupi\u00e8res.<\/p>\t\t\t\t\t\t\t\t<\/div>\n\t\t\t\t<\/div>\n\t\t\t\t<div class=\"elementor-element elementor-element-17ceabe elementor-widget elementor-widget-heading\" data-id=\"17ceabe\" data-element_type=\"widget\" data-widget_type=\"heading.default\">\n\t\t\t\t<div class=\"elementor-widget-container\">\n\t\t\t\t\t<h2 class=\"elementor-heading-title elementor-size-default\">post op\u00e9ratoire<\/h2>\t\t\t\t<\/div>\n\t\t\t\t<\/div>\n\t\t\t\t<div class=\"elementor-element elementor-element-c04ca72 elementor-widget elementor-widget-text-editor\" data-id=\"c04ca72\" data-element_type=\"widget\" data-widget_type=\"text-editor.default\">\n\t\t\t\t<div class=\"elementor-widget-container\">\n\t\t\t\t\t\t\t\t\t<p>La chirurgie du regard n\u2019est pas une intervention douloureuse. Au r\u00e9veil, il est courant de ressentir une g\u00eane au niveau des paupi\u00e8res accompagn\u00e9e vue trouble. Ces r\u00e9actions sont tout \u00e0 fait normales et s\u2019estompent au fil des jours. Un traitement local oculaire associ\u00e9 \u00e0 des soins infirmiers est prescrit. Un gla\u00e7age des paupi\u00e8res plusieurs fois par jour permettra de r\u00e9duire la r\u00e9action inflammatoire postop\u00e9ratoire.<\/p><p>Il est recommand\u00e9 de rester au calme les premiers jours, de ne pas pratiquer d\u2019activit\u00e9s physiques intenses pour \u00e9viter un afflux sanguin trop important au niveau du visage (risque d\u2019\u0153d\u00e8me, d\u2019ouverture de cicatrice, d\u2019h\u00e9matomes, etc.). L\u2019\u00e9viction sociale dure de 3 \u00e0 15 jours en fonction de l\u2019intervention subie et de la technique op\u00e9ratoire employ\u00e9e.<\/p><p>Une consultation postop\u00e9ratoire a lieu d\u00e8s le lendemain et l\u2019ablation des points se fait aux alentours du 6e-8e jour. Une consultation de contr\u00f4le est programm\u00e9e 1 mois apr\u00e8s l\u2019intervention.<br \/>Le maquillage n\u2019est autoris\u00e9 qu\u2019apr\u00e8s l\u2019ablation des points<\/p><p>Les r\u00e9sultats ne sont pas toujours imm\u00e9diatement visibles. Il est normal de constater une l\u00e9g\u00e8re asym\u00e9trie avec de l\u2019oed\u00e8me dans les jours ou les semaines qui suivent cela est tout \u00e0 fait normal.<\/p>\t\t\t\t\t\t\t\t<\/div>\n\t\t\t\t<\/div>\n\t\t\t\t\t<\/div>\n\t\t<\/div>\n\t\t\t\t\t<\/div>\n\t\t<\/section>\n\t\t\t\t\t<\/div>\n\t\t<\/div>\n\t\t\t\t\t<\/div>\n\t\t<\/section>\n\t\t\t\t<section class=\"elementor-section elementor-top-section elementor-element elementor-element-37ef458 elementor-section-full_width elementor-section-height-default elementor-section-height-default\" data-id=\"37ef458\" data-element_type=\"section\" data-settings=\"{&quot;background_background&quot;:&quot;classic&quot;}\">\n\t\t\t\t\t\t<div class=\"elementor-container elementor-column-gap-default\">\n\t\t\t\t\t<div class=\"elementor-column elementor-col-100 elementor-top-column elementor-element elementor-element-cf17a4a\" data-id=\"cf17a4a\" data-element_type=\"column\">\n\t\t\t<div class=\"elementor-widget-wrap elementor-element-populated\">\n\t\t\t\t\t\t<div class=\"elementor-element elementor-element-69a5db2 elementor-widget elementor-widget-spacer\" data-id=\"69a5db2\" data-element_type=\"widget\" data-widget_type=\"spacer.default\">\n\t\t\t\t<div class=\"elementor-widget-container\">\n\t\t\t\t\t\t\t<div class=\"elementor-spacer\">\n\t\t\t<div class=\"elementor-spacer-inner\"><\/div>\n\t\t<\/div>\n\t\t\t\t\t\t<\/div>\n\t\t\t\t<\/div>\n\t\t\t\t<div class=\"elementor-element elementor-element-31636b2 elementor-align-center elementor-widget elementor-widget-button\" data-id=\"31636b2\" data-element_type=\"widget\" data-widget_type=\"button.default\">\n\t\t\t\t<div class=\"elementor-widget-container\">\n\t\t\t\t\t\t\t\t\t<div class=\"elementor-button-wrapper\">\n\t\t\t\t\t<a class=\"elementor-button elementor-button-link elementor-size-md\" href=\"https:\/\/xn--dr-pierre-big-ophtalmologiste-nuc.fr\/?page_id=3167\">\n\t\t\t\t\t\t<span class=\"elementor-button-content-wrapper\">\n\t\t\t\t\t\t\t\t\t<span class=\"elementor-button-text\">PRENDRE RENDEZ-VOUS<\/span>\n\t\t\t\t\t<\/span>\n\t\t\t\t\t<\/a>\n\t\t\t\t<\/div>\n\t\t\t\t\t\t\t\t<\/div>\n\t\t\t\t<\/div>\n\t\t\t\t<div class=\"elementor-element elementor-element-4c1aa82 elementor-widget elementor-widget-spacer\" data-id=\"4c1aa82\" data-element_type=\"widget\" data-widget_type=\"spacer.default\">\n\t\t\t\t<div class=\"elementor-widget-container\">\n\t\t\t\t\t\t\t<div class=\"elementor-spacer\">\n\t\t\t<div class=\"elementor-spacer-inner\"><\/div>\n\t\t<\/div>\n\t\t\t\t\t\t<\/div>\n\t\t\t\t<\/div>\n\t\t\t\t\t<\/div>\n\t\t<\/div>\n\t\t\t\t\t<\/div>\n\t\t<\/section>\n\t\t\t\t<\/div>\n\t\t","protected":false},"excerpt":{"rendered":"<p>ESTHETIQUE DU REGARD CHIRURGIE DU REGARD La chirurgie des paupi\u00e8res s\u2019adapte \u00e0 chaque type de regard, les techniques op\u00e9ratoires sont variables. Un chirurgien expert des structures anatomiques du cadre orbitaire et des paupi\u00e8res pourra r\u00e9aliser un diagnostic pr\u00e9cis et rectifier les disgr\u00e2ces d\u2019un regard. UNE ESTHETIQUE SUR MESURE La chirurgie esth\u00e9tique du regard a \u00e9volu\u00e9, [&hellip;]<\/p>\n","protected":false},"author":1,"featured_media":0,"parent":0,"menu_order":0,"comment_status":"closed","ping_status":"closed","template":"","meta":{"site-sidebar-layout":"no-sidebar","site-content-layout":"page-builder","ast-site-content-layout":"","site-content-style":"default","site-sidebar-style":"default","ast-global-header-display":"","ast-banner-title-visibility":"","ast-main-header-display":"","ast-hfb-above-header-display":"","ast-hfb-below-header-display":"","ast-hfb-mobile-header-display":"","site-post-title":"disabled","ast-breadcrumbs-content":"","ast-featured-img":"disabled","footer-sml-layout":"","theme-transparent-header-meta":"default","adv-header-id-meta":"","stick-header-meta":"","header-above-stick-meta":"","header-main-stick-meta":"","header-below-stick-meta":"","astra-migrate-meta-layouts":"default","ast-page-background-enabled":"default","ast-page-background-meta":{"desktop":{"background-color":"","background-image":"","background-repeat":"repeat","background-position":"center center","background-size":"auto","background-attachment":"scroll","background-type":"","background-media":"","overlay-type":"","overlay-color":"","overlay-opacity":"","overlay-gradient":""},"tablet":{"background-color":"","background-image":"","background-repeat":"repeat","background-position":"center center","background-size":"auto","background-attachment":"scroll","background-type":"","background-media":"","overlay-type":"","overlay-color":"","overlay-opacity":"","overlay-gradient":""},"mobile":{"background-color":"","background-image":"","background-repeat":"repeat","background-position":"center center","background-size":"auto","background-attachment":"scroll","background-type":"","background-media":"","overlay-type":"","overlay-color":"","overlay-opacity":"","overlay-gradient":""}},"ast-content-background-meta":{"desktop":{"background-color":"var(--ast-global-color-5)","background-image":"","background-repeat":"repeat","background-position":"center center","background-size":"auto","background-attachment":"scroll","background-type":"","background-media":"","overlay-type":"","overlay-color":"","overlay-opacity":"","overlay-gradient":""},"tablet":{"background-color":"var(--ast-global-color-5)","background-image":"","background-repeat":"repeat","background-position":"center center","background-size":"auto","background-attachment":"scroll","background-type":"","background-media":"","overlay-type":"","overlay-color":"","overlay-opacity":"","overlay-gradient":""},"mobile":{"background-color":"var(--ast-global-color-5)","background-image":"","background-repeat":"repeat","background-position":"center center","background-size":"auto","background-attachment":"scroll","background-type":"","background-media":"","overlay-type":"","overlay-color":"","overlay-opacity":"","overlay-gradient":""}},"footnotes":""},"_links":{"self":[{"href":"https:\/\/xn--dr-pierre-big-ophtalmologiste-nuc.fr\/index.php?rest_route=\/wp\/v2\/pages\/4125"}],"collection":[{"href":"https:\/\/xn--dr-pierre-big-ophtalmologiste-nuc.fr\/index.php?rest_route=\/wp\/v2\/pages"}],"about":[{"href":"https:\/\/xn--dr-pierre-big-ophtalmologiste-nuc.fr\/index.php?rest_route=\/wp\/v2\/types\/page"}],"author":[{"embeddable":true,"href":"https:\/\/xn--dr-pierre-big-ophtalmologiste-nuc.fr\/index.php?rest_route=\/wp\/v2\/users\/1"}],"replies":[{"embeddable":true,"href":"https:\/\/xn--dr-pierre-big-ophtalmologiste-nuc.fr\/index.php?rest_route=%2Fwp%2Fv2%2Fcomments&post=4125"}],"version-history":[{"count":61,"href":"https:\/\/xn--dr-pierre-big-ophtalmologiste-nuc.fr\/index.php?rest_route=\/wp\/v2\/pages\/4125\/revisions"}],"predecessor-version":[{"id":5127,"href":"https:\/\/xn--dr-pierre-big-ophtalmologiste-nuc.fr\/index.php?rest_route=\/wp\/v2\/pages\/4125\/revisions\/5127"}],"wp:attachment":[{"href":"https:\/\/xn--dr-pierre-big-ophtalmologiste-nuc.fr\/index.php?rest_route=%2Fwp%2Fv2%2Fmedia&parent=4125"}],"curies":[{"name":"wp","href":"https:\/\/api.w.org\/{rel}","templated":true}]}}