{"id":4269,"date":"2020-12-21T12:11:16","date_gmt":"2020-12-21T11:11:16","guid":{"rendered":"http:\/\/snqwrqo.cluster028.hosting.ovh.net\/admin3420\/?page_id=4269"},"modified":"2024-03-05T16:03:56","modified_gmt":"2024-03-05T15:03:56","slug":"vision-sud","status":"publish","type":"page","link":"https:\/\/xn--dr-pierre-big-ophtalmologiste-nuc.fr\/?page_id=4269","title":{"rendered":"VISION SUD"},"content":{"rendered":"\t\t<div data-elementor-type=\"wp-page\" data-elementor-id=\"4269\" class=\"elementor elementor-4269\">\n\t\t\t\t\t\t<section class=\"elementor-section elementor-top-section elementor-element elementor-element-276f6ec elementor-section-full_width elementor-section-height-default elementor-section-height-default\" data-id=\"276f6ec\" data-element_type=\"section\" data-settings=\"{&quot;background_background&quot;:&quot;classic&quot;}\">\n\t\t\t\t\t\t<div class=\"elementor-container elementor-column-gap-default\">\n\t\t\t\t\t<div class=\"elementor-column elementor-col-100 elementor-top-column elementor-element elementor-element-cd9c6ea\" data-id=\"cd9c6ea\" data-element_type=\"column\" data-settings=\"{&quot;background_background&quot;:&quot;classic&quot;}\">\n\t\t\t<div class=\"elementor-widget-wrap elementor-element-populated\">\n\t\t\t\t\t\t<div class=\"elementor-element elementor-element-c2f8b49 elementor-widget elementor-widget-spacer\" data-id=\"c2f8b49\" data-element_type=\"widget\" data-widget_type=\"spacer.default\">\n\t\t\t\t<div class=\"elementor-widget-container\">\n\t\t\t\t\t\t\t<div class=\"elementor-spacer\">\n\t\t\t<div class=\"elementor-spacer-inner\"><\/div>\n\t\t<\/div>\n\t\t\t\t\t\t<\/div>\n\t\t\t\t<\/div>\n\t\t\t\t\t<\/div>\n\t\t<\/div>\n\t\t\t\t\t<\/div>\n\t\t<\/section>\n\t\t\t\t<section class=\"elementor-section elementor-top-section elementor-element elementor-element-8df419d elementor-section-full_width elementor-section-height-default elementor-section-height-default\" data-id=\"8df419d\" data-element_type=\"section\">\n\t\t\t\t\t\t<div class=\"elementor-container elementor-column-gap-default\">\n\t\t\t\t\t<div class=\"elementor-column elementor-col-50 elementor-top-column elementor-element elementor-element-1ff3659\" data-id=\"1ff3659\" data-element_type=\"column\">\n\t\t\t<div class=\"elementor-widget-wrap\">\n\t\t\t\t\t\t\t<\/div>\n\t\t<\/div>\n\t\t\t\t<div class=\"elementor-column elementor-col-50 elementor-top-column elementor-element elementor-element-3373511\" data-id=\"3373511\" data-element_type=\"column\">\n\t\t\t<div class=\"elementor-widget-wrap elementor-element-populated\">\n\t\t\t\t\t\t<div class=\"elementor-element elementor-element-5879e60 elementor-widget elementor-widget-heading\" data-id=\"5879e60\" data-element_type=\"widget\" data-widget_type=\"heading.default\">\n\t\t\t\t<div class=\"elementor-widget-container\">\n\t\t\t\t\t<h2 class=\"elementor-heading-title elementor-size-default\">LE CENTRE VISION SUD<\/h2>\t\t\t\t<\/div>\n\t\t\t\t<\/div>\n\t\t\t\t\t<\/div>\n\t\t<\/div>\n\t\t\t\t\t<\/div>\n\t\t<\/section>\n\t\t\t\t<section class=\"elementor-section elementor-top-section elementor-element elementor-element-0117753 elementor-section-full_width elementor-section-height-default elementor-section-height-default\" data-id=\"0117753\" data-element_type=\"section\" data-settings=\"{&quot;background_background&quot;:&quot;classic&quot;}\">\n\t\t\t\t\t\t<div class=\"elementor-container elementor-column-gap-default\">\n\t\t\t\t\t<div class=\"elementor-column elementor-col-100 elementor-top-column elementor-element elementor-element-ce680d7\" data-id=\"ce680d7\" data-element_type=\"column\" data-settings=\"{&quot;background_background&quot;:&quot;classic&quot;}\">\n\t\t\t<div class=\"elementor-widget-wrap elementor-element-populated\">\n\t\t\t\t\t\t<section class=\"elementor-section elementor-inner-section elementor-element elementor-element-2ca13d8 elementor-section-full_width elementor-section-height-default elementor-section-height-default\" data-id=\"2ca13d8\" data-element_type=\"section\">\n\t\t\t\t\t\t<div class=\"elementor-container elementor-column-gap-default\">\n\t\t\t\t\t<div class=\"elementor-column elementor-col-33 elementor-inner-column elementor-element elementor-element-3587c4b\" data-id=\"3587c4b\" data-element_type=\"column\">\n\t\t\t<div class=\"elementor-widget-wrap\">\n\t\t\t\t\t\t\t<\/div>\n\t\t<\/div>\n\t\t\t\t<div class=\"elementor-column elementor-col-33 elementor-inner-column elementor-element elementor-element-d260a19\" data-id=\"d260a19\" data-element_type=\"column\" data-settings=\"{&quot;background_background&quot;:&quot;classic&quot;}\">\n\t\t\t<div class=\"elementor-widget-wrap elementor-element-populated\">\n\t\t\t\t\t<div class=\"elementor-background-overlay\"><\/div>\n\t\t\t\t\t\t<div class=\"elementor-element elementor-element-e852201 elementor-widget-divider--view-line elementor-widget elementor-widget-divider\" data-id=\"e852201\" data-element_type=\"widget\" data-widget_type=\"divider.default\">\n\t\t\t\t<div class=\"elementor-widget-container\">\n\t\t\t\t\t\t\t<div class=\"elementor-divider\">\n\t\t\t<span class=\"elementor-divider-separator\">\n\t\t\t\t\t\t<\/span>\n\t\t<\/div>\n\t\t\t\t\t\t<\/div>\n\t\t\t\t<\/div>\n\t\t\t\t<div class=\"elementor-element elementor-element-39b1373 elementor-widget elementor-widget-image\" data-id=\"39b1373\" data-element_type=\"widget\" data-widget_type=\"image.default\">\n\t\t\t\t<div class=\"elementor-widget-container\">\n\t\t\t\t\t\t\t\t\t\t\t\t\t\t\t<img decoding=\"async\" src=\"https:\/\/xn--dr-pierre-big-ophtalmologiste-nuc.fr\/wp-content\/uploads\/2020\/12\/E53193DA-5E1F-49E1-932D-FD89F53DDD05_1_105_c.jpeg\" title=\"E53193DA-5E1F-49E1-932D-FD89F53DDD05_1_105_c\" alt=\"E53193DA-5E1F-49E1-932D-FD89F53DDD05_1_105_c\" loading=\"lazy\" \/>\t\t\t\t\t\t\t\t\t\t\t\t\t\t\t<\/div>\n\t\t\t\t<\/div>\n\t\t\t\t\t<\/div>\n\t\t<\/div>\n\t\t\t\t<div class=\"elementor-column elementor-col-33 elementor-inner-column elementor-element elementor-element-ddbe926\" data-id=\"ddbe926\" data-element_type=\"column\" data-settings=\"{&quot;background_background&quot;:&quot;classic&quot;}\">\n\t\t\t<div class=\"elementor-widget-wrap elementor-element-populated\">\n\t\t\t\t\t\t<div class=\"elementor-element elementor-element-bb0b91e elementor-widget elementor-widget-heading\" data-id=\"bb0b91e\" data-element_type=\"widget\" data-widget_type=\"heading.default\">\n\t\t\t\t<div class=\"elementor-widget-container\">\n\t\t\t\t\t<h2 class=\"elementor-heading-title elementor-size-default\">AU CENTRE VISION SUD <\/h2>\t\t\t\t<\/div>\n\t\t\t\t<\/div>\n\t\t\t\t<div class=\"elementor-element elementor-element-c85b7bb elementor-widget elementor-widget-text-editor\" data-id=\"c85b7bb\" data-element_type=\"widget\" data-widget_type=\"text-editor.default\">\n\t\t\t\t<div class=\"elementor-widget-container\">\n\t\t\t\t\t\t\t\t\t<p><span style=\"color: #808080;\">Le Centre <a style=\"color: #808080;\" href=\"https:\/\/operation-laser-marseille.fr\/vision-sud\/\">Vision Sud<\/a> <\/span>a vu <span style=\"color: #808080;\">le jour en 1999. Il a \u00e9t\u00e9 le premier <a style=\"color: #808080;\" href=\"https:\/\/operation-laser-marseille.fr\/\" target=\"_blank\" rel=\"noopener\">cabinet d\u2019ophtalmologie<\/a><\/span> ind\u00e9pendant de Marseille regroupant ophtalmologistes sp\u00e9cialis\u00e9s et orthoptistes.<\/p><p>Cr\u00e9\u00e9 sur le concept qu\u2019un ophtalmologue ne peut \u00eatre expert dans tous les domaines de l\u2019ophtalmologie, il regroupe une \u00e9quipe de sp\u00e9cialistes compl\u00e9mentaires \u00a0pour chaque\u00a0 sus-sp\u00e9cialit\u00e9s de l\u2019ophtalmologie.<\/p><p><span style=\"color: #333399;\"><strong>&gt;<\/strong><\/span> Une surface de 600m2, un parking \u00e0 proximit\u00e9.<\/p><p><span style=\"color: #333399;\"><strong>&gt;<\/strong><\/span> Un mat\u00e9riel renouvel\u00e9 en permanence, \u00e0 la pointe de\u00a0 la technologie.<\/p><p><span style=\"color: #333399;\"><strong>&gt;<\/strong><\/span> Un acc\u00e8s aux personnes \u00e0 mobilit\u00e9 r\u00e9duites.<\/p><p><span style=\"color: #333399;\"><strong>&gt;<\/strong><\/span> Iso 9001<\/p>\t\t\t\t\t\t\t\t<\/div>\n\t\t\t\t<\/div>\n\t\t\t\t\t<\/div>\n\t\t<\/div>\n\t\t\t\t\t<\/div>\n\t\t<\/section>\n\t\t\t\t\t<\/div>\n\t\t<\/div>\n\t\t\t\t\t<\/div>\n\t\t<\/section>\n\t\t\t\t<section class=\"elementor-section elementor-top-section elementor-element elementor-element-37ef458 elementor-section-full_width elementor-section-height-default elementor-section-height-default\" data-id=\"37ef458\" data-element_type=\"section\" data-settings=\"{&quot;background_background&quot;:&quot;classic&quot;}\">\n\t\t\t\t\t\t<div class=\"elementor-container elementor-column-gap-default\">\n\t\t\t\t\t<div class=\"elementor-column elementor-col-100 elementor-top-column elementor-element elementor-element-cf17a4a\" data-id=\"cf17a4a\" data-element_type=\"column\">\n\t\t\t<div class=\"elementor-widget-wrap elementor-element-populated\">\n\t\t\t\t\t\t<div class=\"elementor-element elementor-element-69a5db2 elementor-widget elementor-widget-spacer\" data-id=\"69a5db2\" data-element_type=\"widget\" data-widget_type=\"spacer.default\">\n\t\t\t\t<div class=\"elementor-widget-container\">\n\t\t\t\t\t\t\t<div class=\"elementor-spacer\">\n\t\t\t<div class=\"elementor-spacer-inner\"><\/div>\n\t\t<\/div>\n\t\t\t\t\t\t<\/div>\n\t\t\t\t<\/div>\n\t\t\t\t<div class=\"elementor-element elementor-element-31636b2 elementor-align-center elementor-widget elementor-widget-button\" data-id=\"31636b2\" data-element_type=\"widget\" data-widget_type=\"button.default\">\n\t\t\t\t<div class=\"elementor-widget-container\">\n\t\t\t\t\t\t\t\t\t<div class=\"elementor-button-wrapper\">\n\t\t\t\t\t<a class=\"elementor-button elementor-button-link elementor-size-md\" href=\"https:\/\/xn--dr-pierre-big-ophtalmologiste-nuc.fr\/?page_id=3167\">\n\t\t\t\t\t\t<span class=\"elementor-button-content-wrapper\">\n\t\t\t\t\t\t\t\t\t<span class=\"elementor-button-text\">PRENDRE RENDEZ-VOUS<\/span>\n\t\t\t\t\t<\/span>\n\t\t\t\t\t<\/a>\n\t\t\t\t<\/div>\n\t\t\t\t\t\t\t\t<\/div>\n\t\t\t\t<\/div>\n\t\t\t\t<div class=\"elementor-element elementor-element-4c1aa82 elementor-widget elementor-widget-spacer\" data-id=\"4c1aa82\" data-element_type=\"widget\" data-widget_type=\"spacer.default\">\n\t\t\t\t<div class=\"elementor-widget-container\">\n\t\t\t\t\t\t\t<div class=\"elementor-spacer\">\n\t\t\t<div class=\"elementor-spacer-inner\"><\/div>\n\t\t<\/div>\n\t\t\t\t\t\t<\/div>\n\t\t\t\t<\/div>\n\t\t\t\t\t<\/div>\n\t\t<\/div>\n\t\t\t\t\t<\/div>\n\t\t<\/section>\n\t\t\t\t<\/div>\n\t\t","protected":false},"excerpt":{"rendered":"<p>LE CENTRE VISION SUD AU CENTRE VISION SUD Le Centre Vision Sud a vu le jour en 1999. Il a \u00e9t\u00e9 le premier cabinet d\u2019ophtalmologie ind\u00e9pendant de Marseille regroupant ophtalmologistes sp\u00e9cialis\u00e9s et orthoptistes. Cr\u00e9\u00e9 sur le concept qu\u2019un ophtalmologue ne peut \u00eatre expert dans tous les domaines de l\u2019ophtalmologie, il regroupe une \u00e9quipe de sp\u00e9cialistes [&hellip;]<\/p>\n","protected":false},"author":1,"featured_media":0,"parent":0,"menu_order":0,"comment_status":"closed","ping_status":"closed","template":"","meta":{"site-sidebar-layout":"no-sidebar","site-content-layout":"page-builder","ast-site-content-layout":"","site-content-style":"default","site-sidebar-style":"default","ast-global-header-display":"","ast-banner-title-visibility":"","ast-main-header-display":"","ast-hfb-above-header-display":"","ast-hfb-below-header-display":"","ast-hfb-mobile-header-display":"","site-post-title":"disabled","ast-breadcrumbs-content":"","ast-featured-img":"disabled","footer-sml-layout":"","theme-transparent-header-meta":"default","adv-header-id-meta":"","stick-header-meta":"","header-above-stick-meta":"","header-main-stick-meta":"","header-below-stick-meta":"","astra-migrate-meta-layouts":"default","ast-page-background-enabled":"default","ast-page-background-meta":{"desktop":{"background-color":"","background-image":"","background-repeat":"repeat","background-position":"center center","background-size":"auto","background-attachment":"scroll","background-type":"","background-media":"","overlay-type":"","overlay-color":"","overlay-opacity":"","overlay-gradient":""},"tablet":{"background-color":"","background-image":"","background-repeat":"repeat","background-position":"center center","background-size":"auto","background-attachment":"scroll","background-type":"","background-media":"","overlay-type":"","overlay-color":"","overlay-opacity":"","overlay-gradient":""},"mobile":{"background-color":"","background-image":"","background-repeat":"repeat","background-position":"center center","background-size":"auto","background-attachment":"scroll","background-type":"","background-media":"","overlay-type":"","overlay-color":"","overlay-opacity":"","overlay-gradient":""}},"ast-content-background-meta":{"desktop":{"background-color":"var(--ast-global-color-5)","background-image":"","background-repeat":"repeat","background-position":"center center","background-size":"auto","background-attachment":"scroll","background-type":"","background-media":"","overlay-type":"","overlay-color":"","overlay-opacity":"","overlay-gradient":""},"tablet":{"background-color":"var(--ast-global-color-5)","background-image":"","background-repeat":"repeat","background-position":"center center","background-size":"auto","background-attachment":"scroll","background-type":"","background-media":"","overlay-type":"","overlay-color":"","overlay-opacity":"","overlay-gradient":""},"mobile":{"background-color":"var(--ast-global-color-5)","background-image":"","background-repeat":"repeat","background-position":"center center","background-size":"auto","background-attachment":"scroll","background-type":"","background-media":"","overlay-type":"","overlay-color":"","overlay-opacity":"","overlay-gradient":""}},"footnotes":""},"_links":{"self":[{"href":"https:\/\/xn--dr-pierre-big-ophtalmologiste-nuc.fr\/index.php?rest_route=\/wp\/v2\/pages\/4269"}],"collection":[{"href":"https:\/\/xn--dr-pierre-big-ophtalmologiste-nuc.fr\/index.php?rest_route=\/wp\/v2\/pages"}],"about":[{"href":"https:\/\/xn--dr-pierre-big-ophtalmologiste-nuc.fr\/index.php?rest_route=\/wp\/v2\/types\/page"}],"author":[{"embeddable":true,"href":"https:\/\/xn--dr-pierre-big-ophtalmologiste-nuc.fr\/index.php?rest_route=\/wp\/v2\/users\/1"}],"replies":[{"embeddable":true,"href":"https:\/\/xn--dr-pierre-big-ophtalmologiste-nuc.fr\/index.php?rest_route=%2Fwp%2Fv2%2Fcomments&post=4269"}],"version-history":[{"count":29,"href":"https:\/\/xn--dr-pierre-big-ophtalmologiste-nuc.fr\/index.php?rest_route=\/wp\/v2\/pages\/4269\/revisions"}],"predecessor-version":[{"id":5221,"href":"https:\/\/xn--dr-pierre-big-ophtalmologiste-nuc.fr\/index.php?rest_route=\/wp\/v2\/pages\/4269\/revisions\/5221"}],"wp:attachment":[{"href":"https:\/\/xn--dr-pierre-big-ophtalmologiste-nuc.fr\/index.php?rest_route=%2Fwp%2Fv2%2Fmedia&parent=4269"}],"curies":[{"name":"wp","href":"https:\/\/api.w.org\/{rel}","templated":true}]}}