{"id":4332,"date":"2020-12-21T16:58:07","date_gmt":"2020-12-21T15:58:07","guid":{"rendered":"http:\/\/snqwrqo.cluster028.hosting.ovh.net\/admin3420\/?page_id=4332"},"modified":"2021-01-07T16:35:42","modified_gmt":"2021-01-07T15:35:42","slug":"la-degenerescence-maculaire-liee-a-lage-ou-dmla","status":"publish","type":"page","link":"https:\/\/xn--dr-pierre-big-ophtalmologiste-nuc.fr\/?page_id=4332","title":{"rendered":"La d\u00e9g\u00e9n\u00e9rescence maculaire li\u00e9e \u00e0 l\u2019\u00e2ge ou DMLA"},"content":{"rendered":"\t\t<div data-elementor-type=\"wp-page\" data-elementor-id=\"4332\" class=\"elementor elementor-4332\">\n\t\t\t\t\t\t<section class=\"elementor-section elementor-top-section elementor-element elementor-element-276f6ec elementor-section-full_width elementor-section-height-default elementor-section-height-default\" data-id=\"276f6ec\" data-element_type=\"section\" data-settings=\"{&quot;background_background&quot;:&quot;classic&quot;}\">\n\t\t\t\t\t\t<div class=\"elementor-container elementor-column-gap-default\">\n\t\t\t\t\t<div class=\"elementor-column elementor-col-100 elementor-top-column elementor-element elementor-element-cd9c6ea\" data-id=\"cd9c6ea\" data-element_type=\"column\" data-settings=\"{&quot;background_background&quot;:&quot;classic&quot;}\">\n\t\t\t<div class=\"elementor-widget-wrap elementor-element-populated\">\n\t\t\t\t\t\t<div class=\"elementor-element elementor-element-c2f8b49 elementor-widget elementor-widget-spacer\" data-id=\"c2f8b49\" data-element_type=\"widget\" data-widget_type=\"spacer.default\">\n\t\t\t\t<div class=\"elementor-widget-container\">\n\t\t\t\t\t\t\t<div class=\"elementor-spacer\">\n\t\t\t<div class=\"elementor-spacer-inner\"><\/div>\n\t\t<\/div>\n\t\t\t\t\t\t<\/div>\n\t\t\t\t<\/div>\n\t\t\t\t\t<\/div>\n\t\t<\/div>\n\t\t\t\t\t<\/div>\n\t\t<\/section>\n\t\t\t\t<section class=\"elementor-section elementor-top-section elementor-element elementor-element-8df419d elementor-section-full_width elementor-section-height-default elementor-section-height-default\" data-id=\"8df419d\" data-element_type=\"section\">\n\t\t\t\t\t\t<div class=\"elementor-container elementor-column-gap-default\">\n\t\t\t\t\t<div class=\"elementor-column elementor-col-50 elementor-top-column elementor-element elementor-element-dc93475\" data-id=\"dc93475\" data-element_type=\"column\">\n\t\t\t<div class=\"elementor-widget-wrap\">\n\t\t\t\t\t\t\t<\/div>\n\t\t<\/div>\n\t\t\t\t<div class=\"elementor-column elementor-col-50 elementor-top-column elementor-element elementor-element-3373511\" data-id=\"3373511\" data-element_type=\"column\">\n\t\t\t<div class=\"elementor-widget-wrap elementor-element-populated\">\n\t\t\t\t\t\t<div class=\"elementor-element elementor-element-06baff1 elementor-widget elementor-widget-heading\" data-id=\"06baff1\" data-element_type=\"widget\" data-widget_type=\"heading.default\">\n\t\t\t\t<div class=\"elementor-widget-container\">\n\t\t\t\t\t<h2 class=\"elementor-heading-title elementor-size-default\">SUIVI DE PATHOLOGIES<\/h2>\t\t\t\t<\/div>\n\t\t\t\t<\/div>\n\t\t\t\t\t<\/div>\n\t\t<\/div>\n\t\t\t\t\t<\/div>\n\t\t<\/section>\n\t\t\t\t<section class=\"elementor-section elementor-top-section elementor-element elementor-element-61de836 elementor-section-full_width elementor-section-height-default elementor-section-height-default\" data-id=\"61de836\" data-element_type=\"section\" data-settings=\"{&quot;background_background&quot;:&quot;classic&quot;}\">\n\t\t\t\t\t\t<div class=\"elementor-container elementor-column-gap-default\">\n\t\t\t\t\t<div class=\"elementor-column elementor-col-100 elementor-top-column elementor-element elementor-element-2826754\" data-id=\"2826754\" data-element_type=\"column\" data-settings=\"{&quot;background_background&quot;:&quot;classic&quot;}\">\n\t\t\t<div class=\"elementor-widget-wrap elementor-element-populated\">\n\t\t\t\t\t\t<section class=\"elementor-section elementor-inner-section elementor-element elementor-element-f41a657 elementor-section-full_width elementor-section-height-default elementor-section-height-default\" data-id=\"f41a657\" data-element_type=\"section\">\n\t\t\t\t\t\t<div class=\"elementor-container elementor-column-gap-default\">\n\t\t\t\t\t<div class=\"elementor-column elementor-col-33 elementor-inner-column elementor-element elementor-element-277b4bf\" data-id=\"277b4bf\" data-element_type=\"column\">\n\t\t\t<div class=\"elementor-widget-wrap\">\n\t\t\t\t\t\t\t<\/div>\n\t\t<\/div>\n\t\t\t\t<div class=\"elementor-column elementor-col-33 elementor-inner-column elementor-element elementor-element-557f610\" data-id=\"557f610\" data-element_type=\"column\" data-settings=\"{&quot;background_background&quot;:&quot;classic&quot;}\">\n\t\t\t<div class=\"elementor-widget-wrap elementor-element-populated\">\n\t\t\t\t\t<div class=\"elementor-background-overlay\"><\/div>\n\t\t\t\t\t\t<div class=\"elementor-element elementor-element-c49d976 elementor-widget-divider--view-line elementor-widget elementor-widget-divider\" data-id=\"c49d976\" data-element_type=\"widget\" data-widget_type=\"divider.default\">\n\t\t\t\t<div class=\"elementor-widget-container\">\n\t\t\t\t\t\t\t<div class=\"elementor-divider\">\n\t\t\t<span class=\"elementor-divider-separator\">\n\t\t\t\t\t\t<\/span>\n\t\t<\/div>\n\t\t\t\t\t\t<\/div>\n\t\t\t\t<\/div>\n\t\t\t\t<div class=\"elementor-element elementor-element-c50a86a elementor-widget elementor-widget-image\" data-id=\"c50a86a\" data-element_type=\"widget\" data-widget_type=\"image.default\">\n\t\t\t\t<div class=\"elementor-widget-container\">\n\t\t\t\t\t\t\t\t\t\t\t\t\t\t\t<img decoding=\"async\" src=\"https:\/\/xn--dr-pierre-big-ophtalmologiste-nuc.fr\/wp-content\/uploads\/2020\/06\/shutterstock_269313245.jpg\" title=\"shutterstock_269313245\" alt=\"shutterstock_269313245\" loading=\"lazy\" \/>\t\t\t\t\t\t\t\t\t\t\t\t\t\t\t<\/div>\n\t\t\t\t<\/div>\n\t\t\t\t\t<\/div>\n\t\t<\/div>\n\t\t\t\t<div class=\"elementor-column elementor-col-33 elementor-inner-column elementor-element elementor-element-750e72e\" data-id=\"750e72e\" data-element_type=\"column\" data-settings=\"{&quot;background_background&quot;:&quot;classic&quot;}\">\n\t\t\t<div class=\"elementor-widget-wrap elementor-element-populated\">\n\t\t\t\t\t\t<div class=\"elementor-element elementor-element-4ff7313 elementor-widget elementor-widget-heading\" data-id=\"4ff7313\" data-element_type=\"widget\" data-widget_type=\"heading.default\">\n\t\t\t\t<div class=\"elementor-widget-container\">\n\t\t\t\t\t<h2 class=\"elementor-heading-title elementor-size-default\">La d\u00e9g\u00e9n\u00e9rescence maculaire li\u00e9e \u00e0 l\u2019\u00e2ge ou DMLA<\/h2>\t\t\t\t<\/div>\n\t\t\t\t<\/div>\n\t\t\t\t<div class=\"elementor-element elementor-element-1ff6ce4 elementor-widget elementor-widget-text-editor\" data-id=\"1ff6ce4\" data-element_type=\"widget\" data-widget_type=\"text-editor.default\">\n\t\t\t\t<div class=\"elementor-widget-container\">\n\t\t\t\t\t\t\t\t\t<p><strong>Cette maladie est la cons\u00e9quence d\u2019un vieillissement de la zone centrale de la r\u00e9tine : la macula, zone tr\u00e8s fonctionnelle utile pour la vision des d\u00e9tails, de la lecture\u2026<\/strong><\/p><p>L\u2019\u00e2ge est son facteur de risque principal, c\u2019est la premi\u00e8re cause de c\u00e9cit\u00e9 et de malvoyance chez la personne de plus de 50 ans. D\u2019autres facteurs de risque existent : certains facteurs g\u00e9n\u00e9tiques, l\u2019environnement par le biais du tabac, l\u2019alimentation.<\/p><p>Il existe 2 formes : la forme\u00a0<strong>s\u00e8che<\/strong>\u00a0ou atrophique et la forme\u00a0<strong>humide<\/strong>\u00a0ou exsudative.<br \/>La forme atrophique \u00e9volue lentement par un amincissement progressif et de la r\u00e9tine.<br \/>La forme exsudative correspond \u00e0 l\u2019apparition de n\u00e9ovaisseaux au niveau de la macula avec h\u00e9morragies et \u0153d\u00e8mes .<\/p><p>Les patients peuvent ressentir une baisse de l\u2019acuit\u00e9 visuelle, des d\u00e9formations visuelles . L\u2019apparition de l\u2019un de ces sympt\u00f4mes doit faire consulter en urgence.<\/p><p>La consultation ophtalmologique comprendra la mesure de l\u2019acuit\u00e9 visuelle, un Fond d\u2019\u0153il, un bilan d\u2019imagerie r\u00e9tinienne avec OCT (tomographie par coh\u00e9rence optique) et angiographie \u00e0 la fluoresc\u00e9ine si n\u00e9cessaire.<\/p><p>Le traitement de la DMLA humide n\u00e9ovasculaire se r\u00e9alise par injections intra-vitr\u00e9ennes r\u00e9p\u00e9t\u00e9es afin d\u2019\u00e9viter la baisse de vision rapide. Les r\u00e8gles hygi\u00e9no-di\u00e9t\u00e9tiques ont toute leur place : \u00e9viction du tabac, alimentation riche en fruits l\u00e9gumes et acides gras omega 3. Il existe des compl\u00e9ments alimentaires en g\u00e9lules qui apportent ces \u00e9l\u00e9ments.<\/p>\t\t\t\t\t\t\t\t<\/div>\n\t\t\t\t<\/div>\n\t\t\t\t\t<\/div>\n\t\t<\/div>\n\t\t\t\t\t<\/div>\n\t\t<\/section>\n\t\t\t\t\t<\/div>\n\t\t<\/div>\n\t\t\t\t\t<\/div>\n\t\t<\/section>\n\t\t\t\t<section class=\"elementor-section elementor-top-section elementor-element elementor-element-fe89c86 elementor-section-full_width elementor-section-height-default elementor-section-height-default\" data-id=\"fe89c86\" data-element_type=\"section\" data-settings=\"{&quot;background_background&quot;:&quot;classic&quot;}\">\n\t\t\t\t\t\t<div class=\"elementor-container elementor-column-gap-default\">\n\t\t\t\t\t<div class=\"elementor-column elementor-col-100 elementor-top-column elementor-element elementor-element-f6221b9\" data-id=\"f6221b9\" data-element_type=\"column\">\n\t\t\t<div class=\"elementor-widget-wrap elementor-element-populated\">\n\t\t\t\t\t\t<div class=\"elementor-element elementor-element-dd17dfa elementor-widget elementor-widget-spacer\" data-id=\"dd17dfa\" data-element_type=\"widget\" data-widget_type=\"spacer.default\">\n\t\t\t\t<div class=\"elementor-widget-container\">\n\t\t\t\t\t\t\t<div class=\"elementor-spacer\">\n\t\t\t<div class=\"elementor-spacer-inner\"><\/div>\n\t\t<\/div>\n\t\t\t\t\t\t<\/div>\n\t\t\t\t<\/div>\n\t\t\t\t<div class=\"elementor-element elementor-element-6547589 elementor-align-center elementor-widget elementor-widget-button\" data-id=\"6547589\" data-element_type=\"widget\" data-widget_type=\"button.default\">\n\t\t\t\t<div class=\"elementor-widget-container\">\n\t\t\t\t\t\t\t\t\t<div class=\"elementor-button-wrapper\">\n\t\t\t\t\t<a class=\"elementor-button elementor-button-link elementor-size-md\" href=\"https:\/\/xn--dr-pierre-big-ophtalmologiste-nuc.fr\/?page_id=3167\">\n\t\t\t\t\t\t<span class=\"elementor-button-content-wrapper\">\n\t\t\t\t\t\t\t\t\t<span class=\"elementor-button-text\">PRENDRE RENDEZ-VOUS<\/span>\n\t\t\t\t\t<\/span>\n\t\t\t\t\t<\/a>\n\t\t\t\t<\/div>\n\t\t\t\t\t\t\t\t<\/div>\n\t\t\t\t<\/div>\n\t\t\t\t<div class=\"elementor-element elementor-element-fd81308 elementor-widget elementor-widget-spacer\" data-id=\"fd81308\" data-element_type=\"widget\" data-widget_type=\"spacer.default\">\n\t\t\t\t<div class=\"elementor-widget-container\">\n\t\t\t\t\t\t\t<div class=\"elementor-spacer\">\n\t\t\t<div class=\"elementor-spacer-inner\"><\/div>\n\t\t<\/div>\n\t\t\t\t\t\t<\/div>\n\t\t\t\t<\/div>\n\t\t\t\t\t<\/div>\n\t\t<\/div>\n\t\t\t\t\t<\/div>\n\t\t<\/section>\n\t\t\t\t<\/div>\n\t\t","protected":false},"excerpt":{"rendered":"<p>SUIVI DE PATHOLOGIES La d\u00e9g\u00e9n\u00e9rescence maculaire li\u00e9e \u00e0 l\u2019\u00e2ge ou DMLA Cette maladie est la cons\u00e9quence d\u2019un vieillissement de la zone centrale de la r\u00e9tine : la macula, zone tr\u00e8s fonctionnelle utile pour la vision des d\u00e9tails, de la lecture\u2026 L\u2019\u00e2ge est son facteur de risque principal, c\u2019est la premi\u00e8re cause de c\u00e9cit\u00e9 et de [&hellip;]<\/p>\n","protected":false},"author":1,"featured_media":0,"parent":0,"menu_order":0,"comment_status":"closed","ping_status":"closed","template":"","meta":{"site-sidebar-layout":"no-sidebar","site-content-layout":"page-builder","ast-site-content-layout":"","site-content-style":"default","site-sidebar-style":"default","ast-global-header-display":"","ast-banner-title-visibility":"","ast-main-header-display":"","ast-hfb-above-header-display":"","ast-hfb-below-header-display":"","ast-hfb-mobile-header-display":"","site-post-title":"disabled","ast-breadcrumbs-content":"","ast-featured-img":"disabled","footer-sml-layout":"","theme-transparent-header-meta":"default","adv-header-id-meta":"","stick-header-meta":"","header-above-stick-meta":"","header-main-stick-meta":"","header-below-stick-meta":"","astra-migrate-meta-layouts":"default","ast-page-background-enabled":"default","ast-page-background-meta":{"desktop":{"background-color":"","background-image":"","background-repeat":"repeat","background-position":"center center","background-size":"auto","background-attachment":"scroll","background-type":"","background-media":"","overlay-type":"","overlay-color":"","overlay-opacity":"","overlay-gradient":""},"tablet":{"background-color":"","background-image":"","background-repeat":"repeat","background-position":"center center","background-size":"auto","background-attachment":"scroll","background-type":"","background-media":"","overlay-type":"","overlay-color":"","overlay-opacity":"","overlay-gradient":""},"mobile":{"background-color":"","background-image":"","background-repeat":"repeat","background-position":"center center","background-size":"auto","background-attachment":"scroll","background-type":"","background-media":"","overlay-type":"","overlay-color":"","overlay-opacity":"","overlay-gradient":""}},"ast-content-background-meta":{"desktop":{"background-color":"var(--ast-global-color-5)","background-image":"","background-repeat":"repeat","background-position":"center center","background-size":"auto","background-attachment":"scroll","background-type":"","background-media":"","overlay-type":"","overlay-color":"","overlay-opacity":"","overlay-gradient":""},"tablet":{"background-color":"var(--ast-global-color-5)","background-image":"","background-repeat":"repeat","background-position":"center center","background-size":"auto","background-attachment":"scroll","background-type":"","background-media":"","overlay-type":"","overlay-color":"","overlay-opacity":"","overlay-gradient":""},"mobile":{"background-color":"var(--ast-global-color-5)","background-image":"","background-repeat":"repeat","background-position":"center center","background-size":"auto","background-attachment":"scroll","background-type":"","background-media":"","overlay-type":"","overlay-color":"","overlay-opacity":"","overlay-gradient":""}},"footnotes":""},"_links":{"self":[{"href":"https:\/\/xn--dr-pierre-big-ophtalmologiste-nuc.fr\/index.php?rest_route=\/wp\/v2\/pages\/4332"}],"collection":[{"href":"https:\/\/xn--dr-pierre-big-ophtalmologiste-nuc.fr\/index.php?rest_route=\/wp\/v2\/pages"}],"about":[{"href":"https:\/\/xn--dr-pierre-big-ophtalmologiste-nuc.fr\/index.php?rest_route=\/wp\/v2\/types\/page"}],"author":[{"embeddable":true,"href":"https:\/\/xn--dr-pierre-big-ophtalmologiste-nuc.fr\/index.php?rest_route=\/wp\/v2\/users\/1"}],"replies":[{"embeddable":true,"href":"https:\/\/xn--dr-pierre-big-ophtalmologiste-nuc.fr\/index.php?rest_route=%2Fwp%2Fv2%2Fcomments&post=4332"}],"version-history":[{"count":24,"href":"https:\/\/xn--dr-pierre-big-ophtalmologiste-nuc.fr\/index.php?rest_route=\/wp\/v2\/pages\/4332\/revisions"}],"predecessor-version":[{"id":4940,"href":"https:\/\/xn--dr-pierre-big-ophtalmologiste-nuc.fr\/index.php?rest_route=\/wp\/v2\/pages\/4332\/revisions\/4940"}],"wp:attachment":[{"href":"https:\/\/xn--dr-pierre-big-ophtalmologiste-nuc.fr\/index.php?rest_route=%2Fwp%2Fv2%2Fmedia&parent=4332"}],"curies":[{"name":"wp","href":"https:\/\/api.w.org\/{rel}","templated":true}]}}