{"id":4350,"date":"2020-12-21T17:02:35","date_gmt":"2020-12-21T16:02:35","guid":{"rendered":"http:\/\/snqwrqo.cluster028.hosting.ovh.net\/admin3420\/?page_id=4350"},"modified":"2021-01-07T19:03:04","modified_gmt":"2021-01-07T18:03:04","slug":"la-secheresse-oculaire","status":"publish","type":"page","link":"https:\/\/xn--dr-pierre-big-ophtalmologiste-nuc.fr\/?page_id=4350","title":{"rendered":"La S\u00e9cheresse Oculaire"},"content":{"rendered":"\t\t<div data-elementor-type=\"wp-page\" data-elementor-id=\"4350\" class=\"elementor elementor-4350\">\n\t\t\t\t\t\t<section class=\"elementor-section elementor-top-section elementor-element elementor-element-276f6ec elementor-section-full_width elementor-section-height-default elementor-section-height-default\" data-id=\"276f6ec\" data-element_type=\"section\" data-settings=\"{&quot;background_background&quot;:&quot;classic&quot;}\">\n\t\t\t\t\t\t<div class=\"elementor-container elementor-column-gap-default\">\n\t\t\t\t\t<div class=\"elementor-column elementor-col-100 elementor-top-column elementor-element elementor-element-cd9c6ea\" data-id=\"cd9c6ea\" data-element_type=\"column\" data-settings=\"{&quot;background_background&quot;:&quot;classic&quot;}\">\n\t\t\t<div class=\"elementor-widget-wrap elementor-element-populated\">\n\t\t\t\t\t\t<div class=\"elementor-element elementor-element-c2f8b49 elementor-widget elementor-widget-spacer\" data-id=\"c2f8b49\" data-element_type=\"widget\" data-widget_type=\"spacer.default\">\n\t\t\t\t<div class=\"elementor-widget-container\">\n\t\t\t\t\t\t\t<div class=\"elementor-spacer\">\n\t\t\t<div class=\"elementor-spacer-inner\"><\/div>\n\t\t<\/div>\n\t\t\t\t\t\t<\/div>\n\t\t\t\t<\/div>\n\t\t\t\t\t<\/div>\n\t\t<\/div>\n\t\t\t\t\t<\/div>\n\t\t<\/section>\n\t\t\t\t<section class=\"elementor-section elementor-top-section elementor-element elementor-element-8df419d elementor-section-full_width elementor-section-height-default elementor-section-height-default\" data-id=\"8df419d\" data-element_type=\"section\">\n\t\t\t\t\t\t<div class=\"elementor-container elementor-column-gap-default\">\n\t\t\t\t\t<div class=\"elementor-column elementor-col-50 elementor-top-column elementor-element elementor-element-dc93475\" data-id=\"dc93475\" data-element_type=\"column\">\n\t\t\t<div class=\"elementor-widget-wrap\">\n\t\t\t\t\t\t\t<\/div>\n\t\t<\/div>\n\t\t\t\t<div class=\"elementor-column elementor-col-50 elementor-top-column elementor-element elementor-element-3373511\" data-id=\"3373511\" data-element_type=\"column\">\n\t\t\t<div class=\"elementor-widget-wrap elementor-element-populated\">\n\t\t\t\t\t\t<div class=\"elementor-element elementor-element-06baff1 elementor-widget elementor-widget-heading\" data-id=\"06baff1\" data-element_type=\"widget\" data-widget_type=\"heading.default\">\n\t\t\t\t<div class=\"elementor-widget-container\">\n\t\t\t\t\t<h2 class=\"elementor-heading-title elementor-size-default\">SUIVI DE PATHOLOGIES<\/h2>\t\t\t\t<\/div>\n\t\t\t\t<\/div>\n\t\t\t\t\t<\/div>\n\t\t<\/div>\n\t\t\t\t\t<\/div>\n\t\t<\/section>\n\t\t\t\t<section class=\"elementor-section elementor-top-section elementor-element elementor-element-61de836 elementor-section-full_width elementor-section-height-default elementor-section-height-default\" data-id=\"61de836\" data-element_type=\"section\" data-settings=\"{&quot;background_background&quot;:&quot;classic&quot;}\">\n\t\t\t\t\t\t<div class=\"elementor-container elementor-column-gap-default\">\n\t\t\t\t\t<div class=\"elementor-column elementor-col-100 elementor-top-column elementor-element elementor-element-2826754\" data-id=\"2826754\" data-element_type=\"column\" data-settings=\"{&quot;background_background&quot;:&quot;classic&quot;}\">\n\t\t\t<div class=\"elementor-widget-wrap elementor-element-populated\">\n\t\t\t\t\t\t<section class=\"elementor-section elementor-inner-section elementor-element elementor-element-f41a657 elementor-section-full_width elementor-section-height-default elementor-section-height-default\" data-id=\"f41a657\" data-element_type=\"section\">\n\t\t\t\t\t\t<div class=\"elementor-container elementor-column-gap-default\">\n\t\t\t\t\t<div class=\"elementor-column elementor-col-33 elementor-inner-column elementor-element elementor-element-277b4bf\" data-id=\"277b4bf\" data-element_type=\"column\">\n\t\t\t<div class=\"elementor-widget-wrap\">\n\t\t\t\t\t\t\t<\/div>\n\t\t<\/div>\n\t\t\t\t<div class=\"elementor-column elementor-col-33 elementor-inner-column elementor-element elementor-element-557f610\" data-id=\"557f610\" data-element_type=\"column\" data-settings=\"{&quot;background_background&quot;:&quot;classic&quot;}\">\n\t\t\t<div class=\"elementor-widget-wrap elementor-element-populated\">\n\t\t\t\t\t<div class=\"elementor-background-overlay\"><\/div>\n\t\t\t\t\t\t<div class=\"elementor-element elementor-element-c49d976 elementor-widget-divider--view-line elementor-widget elementor-widget-divider\" data-id=\"c49d976\" data-element_type=\"widget\" data-widget_type=\"divider.default\">\n\t\t\t\t<div class=\"elementor-widget-container\">\n\t\t\t\t\t\t\t<div class=\"elementor-divider\">\n\t\t\t<span class=\"elementor-divider-separator\">\n\t\t\t\t\t\t<\/span>\n\t\t<\/div>\n\t\t\t\t\t\t<\/div>\n\t\t\t\t<\/div>\n\t\t\t\t<div class=\"elementor-element elementor-element-c50a86a elementor-widget elementor-widget-image\" data-id=\"c50a86a\" data-element_type=\"widget\" data-widget_type=\"image.default\">\n\t\t\t\t<div class=\"elementor-widget-container\">\n\t\t\t\t\t\t\t\t\t\t\t\t\t\t\t<img decoding=\"async\" src=\"https:\/\/xn--dr-pierre-big-ophtalmologiste-nuc.fr\/wp-content\/uploads\/2020\/06\/shutterstock_29688451.jpg\" title=\"shutterstock_29688451\" alt=\"shutterstock_29688451\" loading=\"lazy\" \/>\t\t\t\t\t\t\t\t\t\t\t\t\t\t\t<\/div>\n\t\t\t\t<\/div>\n\t\t\t\t\t<\/div>\n\t\t<\/div>\n\t\t\t\t<div class=\"elementor-column elementor-col-33 elementor-inner-column elementor-element elementor-element-750e72e\" data-id=\"750e72e\" data-element_type=\"column\" data-settings=\"{&quot;background_background&quot;:&quot;classic&quot;}\">\n\t\t\t<div class=\"elementor-widget-wrap elementor-element-populated\">\n\t\t\t\t\t\t<div class=\"elementor-element elementor-element-4ff7313 elementor-widget elementor-widget-heading\" data-id=\"4ff7313\" data-element_type=\"widget\" data-widget_type=\"heading.default\">\n\t\t\t\t<div class=\"elementor-widget-container\">\n\t\t\t\t\t<h2 class=\"elementor-heading-title elementor-size-default\">La s\u00e9cheresse oculaire<\/h2>\t\t\t\t<\/div>\n\t\t\t\t<\/div>\n\t\t\t\t<div class=\"elementor-element elementor-element-1ff6ce4 elementor-widget elementor-widget-text-editor\" data-id=\"1ff6ce4\" data-element_type=\"widget\" data-widget_type=\"text-editor.default\">\n\t\t\t\t<div class=\"elementor-widget-container\">\n\t\t\t\t\t\t\t\t\t<p><strong>Qu\u2019est-ce que la s\u00e9cheresse oculaire ?<\/strong><br \/><strong>La s\u00e9cheresse oculaire est fr\u00e9quente et le plus souvent b\u00e9nigne.<\/strong><\/p><p>Elle provient d\u2019une mauvaise qualit\u00e9 ou de la baisse de production de\u00a0<strong>larmes<\/strong>.<\/p><p>Plusieurs sympt\u00f4mes \u00e9voquent les signes d\u2019une s\u00e9cheresse oculaire :<br \/><strong><span style=\"color: #333399;\">&gt;<\/span> <\/strong>sensation de picotements, de d\u00e9mangeaisons ou de br\u00fblure des yeux<br \/><strong><span style=\"color: #333399;\">&gt;<\/span> <\/strong>sensation d\u2019avoir un corps \u00e9tranger dans les yeux<br \/><strong><span style=\"color: #333399;\">&gt;<\/span> <\/strong>g\u00eane au r\u00e9veil le matin avec paupi\u00e8res coll\u00e9es<br \/><strong><span style=\"color: #333399;\">&gt;<\/span> <\/strong>sensibilit\u00e9 \u00e0 la lumi\u00e8re<br \/><strong><span style=\"color: #333399;\">&gt;<\/span> <\/strong>impression de voir moins bien<br \/><strong><span style=\"color: #333399;\">&gt;<\/span> <\/strong>Larmoiement \u00e0 la lecture, au vent\u2026<br \/><strong><span style=\"color: #333399;\">&gt;<\/span> <\/strong>difficult\u00e9 lors du port de lentilles de contact<br \/><strong><span style=\"color: #333399;\">&gt;<\/span> <\/strong>fatigue des yeux<\/p><p>La s\u00e9cheresse est multifactorielle, le plus commun est le vieillissement, la production de larmes est en effet moins cons\u00e9quente avec l\u2019\u00e2ge, car les glandes lacrymales s\u2019atrophient. La m\u00e9nopause chez la femme et l\u2019andropause chez l\u2019homme aggravent de plus le ph\u00e9nom\u00e8ne.<\/p><p>Un autre facteur est l\u2019environnement avec la pollution, le froid, l\u2019air sec ou l\u2019utilisation de la climatisation accentuent la fr\u00e9quence de la s\u00e9cheresse des yeux. On retrouve aussi parmi les autres \u00e9l\u00e9ments li\u00e9s \u00e0 l\u2019environnement la fum\u00e9e de cigarette, la haute altitude ou bien encore le vent.<\/p><p>De nombreux m\u00e9dicaments peut aussi avoir pour cons\u00e9quence d\u2019avoir les yeux secs.<\/p><p>De nombreuses maladies maladies sont \u00e9galement \u00e0 l\u2019origine de la s\u00e9cheresse oculaire comme la rosac\u00e9e, le dermite s\u00e9borrh\u00e9ique, le psoriasis, mais \u00e9galement des maladies auto-immunes comme le syndrome de Gougerot-Sj\u00f6gren.<\/p><p>Le traitement initial de la s\u00e9cheresse oculaire est fait de larmes artificielles ou bien de gels lacrymaux.<\/p><p>Il est aussi important d\u2019adopter les bons r\u00e9flexes dans sa vie quotidienne comme se prot\u00e9ger les yeux, \u00e9viter le tabac et humidifier les pi\u00e8ces \u00e0 vivre.<\/p><p>L\u2019hygi\u00e8ne des paupi\u00e8res ( chauffage et massage des paupi\u00e8res)<br \/>Selon les cas pourront \u00eatre propos\u00e9s, des collyres cortico\u00efdes, des anti-inflammatoires non st\u00e9ro\u00efdiens, des antibiotiques \u00e0 action anti-inflammatoire, des collyres \u00e0 la cyclosporine.<br \/>Si les m\u00e9dicaments sont \u00e0 l\u2019origine du probl\u00e8me, il faut en parler avec le m\u00e9decin traitant pour voir si le traitement peut \u00eatre chang\u00e9.<\/p><p>Dans le cas de maladies les plus graves, des techniques peuvent \u00eatre utilis\u00e9es comme la pose de bouchons permettant d\u2019obstruer, de fa\u00e7on transitoire ou permanente, les canaux lacrymaux \u00e0 l\u2019angle interne de chaque \u0153il.<\/p>\t\t\t\t\t\t\t\t<\/div>\n\t\t\t\t<\/div>\n\t\t\t\t\t<\/div>\n\t\t<\/div>\n\t\t\t\t\t<\/div>\n\t\t<\/section>\n\t\t\t\t\t<\/div>\n\t\t<\/div>\n\t\t\t\t\t<\/div>\n\t\t<\/section>\n\t\t\t\t<section class=\"elementor-section elementor-top-section elementor-element elementor-element-fe89c86 elementor-section-full_width elementor-section-height-default elementor-section-height-default\" data-id=\"fe89c86\" data-element_type=\"section\" data-settings=\"{&quot;background_background&quot;:&quot;classic&quot;}\">\n\t\t\t\t\t\t<div class=\"elementor-container elementor-column-gap-default\">\n\t\t\t\t\t<div class=\"elementor-column elementor-col-100 elementor-top-column elementor-element elementor-element-f6221b9\" data-id=\"f6221b9\" data-element_type=\"column\">\n\t\t\t<div class=\"elementor-widget-wrap elementor-element-populated\">\n\t\t\t\t\t\t<div class=\"elementor-element elementor-element-dd17dfa elementor-widget elementor-widget-spacer\" data-id=\"dd17dfa\" data-element_type=\"widget\" data-widget_type=\"spacer.default\">\n\t\t\t\t<div class=\"elementor-widget-container\">\n\t\t\t\t\t\t\t<div class=\"elementor-spacer\">\n\t\t\t<div class=\"elementor-spacer-inner\"><\/div>\n\t\t<\/div>\n\t\t\t\t\t\t<\/div>\n\t\t\t\t<\/div>\n\t\t\t\t<div class=\"elementor-element elementor-element-6547589 elementor-align-center elementor-widget elementor-widget-button\" data-id=\"6547589\" data-element_type=\"widget\" data-widget_type=\"button.default\">\n\t\t\t\t<div class=\"elementor-widget-container\">\n\t\t\t\t\t\t\t\t\t<div class=\"elementor-button-wrapper\">\n\t\t\t\t\t<a class=\"elementor-button elementor-button-link elementor-size-md\" href=\"https:\/\/xn--dr-pierre-big-ophtalmologiste-nuc.fr\/?page_id=3167\">\n\t\t\t\t\t\t<span class=\"elementor-button-content-wrapper\">\n\t\t\t\t\t\t\t\t\t<span class=\"elementor-button-text\">PRENDRE RENDEZ-VOUS<\/span>\n\t\t\t\t\t<\/span>\n\t\t\t\t\t<\/a>\n\t\t\t\t<\/div>\n\t\t\t\t\t\t\t\t<\/div>\n\t\t\t\t<\/div>\n\t\t\t\t<div class=\"elementor-element elementor-element-fd81308 elementor-widget elementor-widget-spacer\" data-id=\"fd81308\" data-element_type=\"widget\" data-widget_type=\"spacer.default\">\n\t\t\t\t<div class=\"elementor-widget-container\">\n\t\t\t\t\t\t\t<div class=\"elementor-spacer\">\n\t\t\t<div class=\"elementor-spacer-inner\"><\/div>\n\t\t<\/div>\n\t\t\t\t\t\t<\/div>\n\t\t\t\t<\/div>\n\t\t\t\t\t<\/div>\n\t\t<\/div>\n\t\t\t\t\t<\/div>\n\t\t<\/section>\n\t\t\t\t<\/div>\n\t\t","protected":false},"excerpt":{"rendered":"<p>SUIVI DE PATHOLOGIES La s\u00e9cheresse oculaire Qu\u2019est-ce que la s\u00e9cheresse oculaire ?La s\u00e9cheresse oculaire est fr\u00e9quente et le plus souvent b\u00e9nigne. Elle provient d\u2019une mauvaise qualit\u00e9 ou de la baisse de production de\u00a0larmes. Plusieurs sympt\u00f4mes \u00e9voquent les signes d\u2019une s\u00e9cheresse oculaire :&gt; sensation de picotements, de d\u00e9mangeaisons ou de br\u00fblure des yeux&gt; sensation d\u2019avoir un [&hellip;]<\/p>\n","protected":false},"author":1,"featured_media":0,"parent":0,"menu_order":0,"comment_status":"closed","ping_status":"closed","template":"","meta":{"site-sidebar-layout":"no-sidebar","site-content-layout":"page-builder","ast-site-content-layout":"","site-content-style":"default","site-sidebar-style":"default","ast-global-header-display":"","ast-banner-title-visibility":"","ast-main-header-display":"","ast-hfb-above-header-display":"","ast-hfb-below-header-display":"","ast-hfb-mobile-header-display":"","site-post-title":"disabled","ast-breadcrumbs-content":"","ast-featured-img":"disabled","footer-sml-layout":"","theme-transparent-header-meta":"default","adv-header-id-meta":"","stick-header-meta":"","header-above-stick-meta":"","header-main-stick-meta":"","header-below-stick-meta":"","astra-migrate-meta-layouts":"default","ast-page-background-enabled":"default","ast-page-background-meta":{"desktop":{"background-color":"","background-image":"","background-repeat":"repeat","background-position":"center center","background-size":"auto","background-attachment":"scroll","background-type":"","background-media":"","overlay-type":"","overlay-color":"","overlay-opacity":"","overlay-gradient":""},"tablet":{"background-color":"","background-image":"","background-repeat":"repeat","background-position":"center center","background-size":"auto","background-attachment":"scroll","background-type":"","background-media":"","overlay-type":"","overlay-color":"","overlay-opacity":"","overlay-gradient":""},"mobile":{"background-color":"","background-image":"","background-repeat":"repeat","background-position":"center center","background-size":"auto","background-attachment":"scroll","background-type":"","background-media":"","overlay-type":"","overlay-color":"","overlay-opacity":"","overlay-gradient":""}},"ast-content-background-meta":{"desktop":{"background-color":"var(--ast-global-color-5)","background-image":"","background-repeat":"repeat","background-position":"center center","background-size":"auto","background-attachment":"scroll","background-type":"","background-media":"","overlay-type":"","overlay-color":"","overlay-opacity":"","overlay-gradient":""},"tablet":{"background-color":"var(--ast-global-color-5)","background-image":"","background-repeat":"repeat","background-position":"center center","background-size":"auto","background-attachment":"scroll","background-type":"","background-media":"","overlay-type":"","overlay-color":"","overlay-opacity":"","overlay-gradient":""},"mobile":{"background-color":"var(--ast-global-color-5)","background-image":"","background-repeat":"repeat","background-position":"center center","background-size":"auto","background-attachment":"scroll","background-type":"","background-media":"","overlay-type":"","overlay-color":"","overlay-opacity":"","overlay-gradient":""}},"footnotes":""},"_links":{"self":[{"href":"https:\/\/xn--dr-pierre-big-ophtalmologiste-nuc.fr\/index.php?rest_route=\/wp\/v2\/pages\/4350"}],"collection":[{"href":"https:\/\/xn--dr-pierre-big-ophtalmologiste-nuc.fr\/index.php?rest_route=\/wp\/v2\/pages"}],"about":[{"href":"https:\/\/xn--dr-pierre-big-ophtalmologiste-nuc.fr\/index.php?rest_route=\/wp\/v2\/types\/page"}],"author":[{"embeddable":true,"href":"https:\/\/xn--dr-pierre-big-ophtalmologiste-nuc.fr\/index.php?rest_route=\/wp\/v2\/users\/1"}],"replies":[{"embeddable":true,"href":"https:\/\/xn--dr-pierre-big-ophtalmologiste-nuc.fr\/index.php?rest_route=%2Fwp%2Fv2%2Fcomments&post=4350"}],"version-history":[{"count":21,"href":"https:\/\/xn--dr-pierre-big-ophtalmologiste-nuc.fr\/index.php?rest_route=\/wp\/v2\/pages\/4350\/revisions"}],"predecessor-version":[{"id":4994,"href":"https:\/\/xn--dr-pierre-big-ophtalmologiste-nuc.fr\/index.php?rest_route=\/wp\/v2\/pages\/4350\/revisions\/4994"}],"wp:attachment":[{"href":"https:\/\/xn--dr-pierre-big-ophtalmologiste-nuc.fr\/index.php?rest_route=%2Fwp%2Fv2%2Fmedia&parent=4350"}],"curies":[{"name":"wp","href":"https:\/\/api.w.org\/{rel}","templated":true}]}}